{"id":1053,"date":"2025-04-15T08:41:12","date_gmt":"2025-04-15T08:41:12","guid":{"rendered":"https:\/\/kalana.ee\/tegevused\/"},"modified":"2025-06-26T07:15:54","modified_gmt":"2025-06-26T07:15:54","slug":"tegevused","status":"publish","type":"page","link":"https:\/\/kalana.ee\/en\/tegevused\/","title":{"rendered":"Mida teha?"},"content":{"rendered":"\n<div style=\"height:100px\" aria-hidden=\"true\" class=\"wp-block-spacer hidemobile\"><\/div>\n\n<div class=\"wp-block-edhotels-advanced-text-image alignfull\" style=\"padding-top:0;padding-right:var(--wp--preset--spacing--50);padding-bottom:0;padding-left:var(--wp--preset--spacing--50);min-height:400px\"><div class=\"text-image\"><div class=\"image\" style=\"width:65%;left:35%\"><img loading=\"lazy\" decoding=\"async\" width=\"2048\" height=\"1365\" src=\"http:\/\/kalana.ee\/wp-content\/uploads\/2025\/03\/Kalana-Puhkekula_1-1.jpg\" class=\"wp-image-35\" style=\"object-position:52% 33%\" srcset=\"https:\/\/kalana.ee\/wp-content\/uploads\/2025\/03\/Kalana-Puhkekula_1-1.jpg 2048w, https:\/\/kalana.ee\/wp-content\/uploads\/2025\/03\/Kalana-Puhkekula_1-1-300x200.jpg 300w, https:\/\/kalana.ee\/wp-content\/uploads\/2025\/03\/Kalana-Puhkekula_1-1-1024x683.jpg 1024w, https:\/\/kalana.ee\/wp-content\/uploads\/2025\/03\/Kalana-Puhkekula_1-1-768x512.jpg 768w, https:\/\/kalana.ee\/wp-content\/uploads\/2025\/03\/Kalana-Puhkekula_1-1-1536x1024.jpg 1536w, https:\/\/kalana.ee\/wp-content\/uploads\/2025\/03\/Kalana-Puhkekula_1-1-1568x1045.jpg 1568w\" sizes=\"auto, (max-width: 2048px) 100vw, 2048px\" \/><div class=\"overlay\" style=\"background-color:#ffffff00\"><\/div><\/div><div class=\"content left middle\"><div class=\"inner-content\" style=\"width:50%\">\n<h2 class=\"wp-block-heading has-text-align-center animated slideInLeft delay-100ms slower has-background has-medium-font-size\" style=\"background-color:#e3c19a\"><br\/>Plaanid Hiiumaal ringi vaadata?<br\/>Siin on meie poolt kokku pandud nimekiri saabuvatest \u00fcritustest ja kohtadest, mida k\u00fclastada. <br\/><br\/><\/h2>\n<\/div><\/div><\/div><\/div>\n\n<div style=\"height:1px\" aria-hidden=\"true\" class=\"wp-block-spacer\"><\/div>\n\n<div style=\"height:10px\" aria-hidden=\"true\" class=\"wp-block-spacer\"><\/div>\n\n<h2 class=\"wp-block-heading has-text-align-center has-text-color has-link-color wp-elements-aae28961b04881ece36729e71848ea44\" style=\"color:#666666;font-size:22px\">Saabuvad \u00fcritused <br\/>K\u00f5pu poolsaarel ja Hiiumaal<\/h2>\n\n<div class=\"wp-block-columns has-background is-layout-flex wp-container-core-columns-is-layout-28f84493 wp-block-columns-is-layout-flex\" style=\"background-color:#f5f5f5\">\n<div class=\"wp-block-column is-layout-flow wp-block-column-is-layout-flow\">\n<ul class=\"wp-block-list is-style-special\">\n<li>Kuhu minna Hiiumaal &#8211; kalender<br\/>Tule ja naudi p\u00f5nevaid tegemisi Hiiumaal.\u00a0<a href=\"https:\/\/www.hiiumaa.ee\/sundmused\/\"><strong>Loe rohkem\u2026<\/strong><\/a><\/li>\n\n\n\n<li>Viscosa Kultuuritehas<br\/>Teater, muusika, kunst K\u00f5rgessaares, Hiiumaal.\u00a0<a href=\"https:\/\/www.facebook.com\/viscosakultuuritehas\/\"><strong>Loe rohkem\u2026<\/strong><\/a><\/li>\n\n\n\n<li>Pihla Inspiratsioonitalu<br\/>Kultuuri\u00fcritused Pihla Inspiratsioonitalus.\u00a0<a href=\"https:\/\/www.facebook.com\/jespihlainspiratsioonitalu\"><strong>Loe rohkem\u2026<\/strong><\/a><\/li>\n\n\n\n<li>Tuulekala Festival 25.05.2025<br\/>Tuulehaugile p\u00fchendatud festival, mille osaks on ka kultuuriprogramm kogu perele.<strong>\u00a0<a href=\"https:\/\/hiiukala.org\/tuulekala-festival\/\">Loe rohkem\u2026<\/a><\/strong><\/li>\n\n\n\n<li>S\u00f5ru Jazz 12.-15.06.2025<br\/>Igale inimesele, kes suvel S\u00f5rus k\u00e4inud, seostub S\u00f5ru ikka sadama, paadikuuri ja jazziga\u2026\u00a0<a href=\"https:\/\/www.facebook.com\/sorujazz\"><strong>Loe rohkem\u2026<\/strong><\/a><\/li>\n\n\n\n<li>Hiiumaa kalurite p\u00e4ev 11.07.2025<br\/>Koguperefestival Kalurite P\u00e4ev toob Rannapaargusse, 11. juulil 2025, kokku nii maitsvad toiduelamused, huvitava meelelahtuse kui ka kodumaa parima muusika.\u00a0<a href=\"https:\/\/www.facebook.com\/events\/861618515855495\"><strong>Loe rohkem\u2026<\/strong><\/a><\/li>\n\n\n\n<li>Hiiu Folk 10.-13.07.2025<br\/>Hiiu Folk on Eesti k\u00f5ige pere- ja looduss\u00f5bralikum p\u00e4rimusmuusika festival, mis ainsa festivalina Eestis on alkoholivaba. <a href=\"https:\/\/hiiufolk.ee\/\"><strong>Loe rohkem&#8230;<\/strong><\/a><\/li>\n\n\n\n<li>Kodukohvikute p\u00e4evad Hiiumaal 31.07-02.08.2025<br\/>Vali oma lemmik kodukohvikute seast.\u00a0<a href=\"https:\/\/www.facebook.com\/kodukohvikudhiiumaal\"><strong>Loe rohkem\u2026<\/strong><\/a><\/li>\n<\/ul>\n<\/div>\n<\/div>\n\n<div style=\"height:10px\" aria-hidden=\"true\" class=\"wp-block-spacer\"><\/div>\n\n<h2 class=\"wp-block-heading has-text-align-center has-text-color has-link-color wp-elements-5605c2d623d8c3b6ea364cfeefaa4318\" style=\"color:#666666;font-size:25px\">Tegevused l\u00e4hi\u00fcmbruskonnas<\/h2>\n\n<div class=\"wp-block-columns has-background is-layout-flex wp-container-core-columns-is-layout-28f84493 wp-block-columns-is-layout-flex\" style=\"background-color:#f5f5f5\">\n<div class=\"wp-block-column is-layout-flow wp-block-column-is-layout-flow\">\n<ul class=\"wp-block-list is-style-special\">\n<li>Kalan \u00c4\u00c4R<br\/>Kalana \u00c4\u00c4Re resto on avatud suvehooajal.<strong>\u00a0<a href=\"https:\/\/www.facebook.com\/kalanaaar\/?ref=page_internal\">Loe rohkem\u2026<\/a><\/strong><\/li>\n\n\n\n<li>Ristna K\u00fclastuskeskus<br\/>K\u00f5ik matkasellid, puhkajad ja muud huvilised on oodatud infot saama v\u00f5i niisama ringi vaatama, jalga puhkama ja \u00f5uel piknikku pidama.\u00a0<a href=\"https:\/\/rmk.ee\/looduses-liikumine\/kuhu-minna\/ristna-kulastuskeskus\/\"><strong>Loe rohkem\u2026<\/strong><\/a><\/li>\n\n\n\n<li>Ristna tuletorn<br\/>Tuletorn asub Ristna p\u00f5hjaneemel, suhteliselt l\u00e4hedal K\u00f5pu majakale, mis on ehitatud k\u00f5rgendikule keset soid ja on seet\u00f5ttu vahel uduga varjatud.\u00a0<a href=\"https:\/\/puhkaeestis.ee\/et\/ristna-tuletorn\"><strong>Loe rohkem\u2026<\/strong><\/a><\/li>\n\n\n\n<li>K\u00f5pu tuletorn<br\/>Eesti, \u00fchtlasi L\u00e4\u00e4nemere ja Baltimaade vanima tuletorni ajalugu algas rohkem kui 500 a tagasi\u00a0<a href=\"https:\/\/puhkaeestis.ee\/et\/kopu-tuletorn\"><strong>Loe rohkem\u2026<\/strong><\/a><\/li>\n\n\n\n<li>Militaarse Hiiumaa teejuht<br\/>Teejuht kuvab militaarseid objekte alates tsaariajast.\u00a0<a href=\"https:\/\/mil.hiiumaa.ee\/\"><strong>Loe rohkem\u2026<\/strong><\/a><\/li>\n\n\n\n<li>Paradise Beach Bar Hiiumaa<br\/>Hooajaliselt avatud kokteilibaar ja burgerirestoran.\u00a0<a href=\"https:\/\/www.facebook.com\/hiiumaabeachbar\"><strong>Loe rohkem\u2026<\/strong><\/a><\/li>\n<\/ul>\n<\/div>\n<\/div>\n\n<div class=\"wp-block-columns alignfull is-layout-flex wp-container-core-columns-is-layout-28f84493 wp-block-columns-is-layout-flex\">\n<div class=\"wp-block-column is-layout-flow wp-block-column-is-layout-flow\">\n<figure class=\"wp-block-gallery has-nested-images columns-5 is-cropped wp-block-gallery-1 is-layout-flex wp-block-gallery-is-layout-flex\">\n<figure class=\"wp-block-image size-large\"><img loading=\"lazy\" decoding=\"async\" width=\"683\" height=\"1024\" data-id=\"41\" src=\"http:\/\/kalana.ee\/wp-content\/uploads\/2025\/03\/Kalana-Puhkekula_1-2-683x1024.jpg\" alt=\"\" class=\"wp-image-41\" srcset=\"https:\/\/kalana.ee\/wp-content\/uploads\/2025\/03\/Kalana-Puhkekula_1-2-683x1024.jpg 683w, https:\/\/kalana.ee\/wp-content\/uploads\/2025\/03\/Kalana-Puhkekula_1-2-200x300.jpg 200w, https:\/\/kalana.ee\/wp-content\/uploads\/2025\/03\/Kalana-Puhkekula_1-2-768x1152.jpg 768w, https:\/\/kalana.ee\/wp-content\/uploads\/2025\/03\/Kalana-Puhkekula_1-2-1024x1536.jpg 1024w, https:\/\/kalana.ee\/wp-content\/uploads\/2025\/03\/Kalana-Puhkekula_1-2.jpg 1365w\" sizes=\"auto, (max-width: 683px) 100vw, 683px\" \/><\/figure>\n\n\n\n<figure class=\"wp-block-image size-large\"><img loading=\"lazy\" decoding=\"async\" width=\"1024\" height=\"683\" data-id=\"35\" src=\"http:\/\/kalana.ee\/wp-content\/uploads\/2025\/03\/Kalana-Puhkekula_1-1-1024x683.jpg\" alt=\"\" class=\"wp-image-35\" srcset=\"https:\/\/kalana.ee\/wp-content\/uploads\/2025\/03\/Kalana-Puhkekula_1-1-1024x683.jpg 1024w, https:\/\/kalana.ee\/wp-content\/uploads\/2025\/03\/Kalana-Puhkekula_1-1-300x200.jpg 300w, https:\/\/kalana.ee\/wp-content\/uploads\/2025\/03\/Kalana-Puhkekula_1-1-768x512.jpg 768w, https:\/\/kalana.ee\/wp-content\/uploads\/2025\/03\/Kalana-Puhkekula_1-1-1536x1024.jpg 1536w, https:\/\/kalana.ee\/wp-content\/uploads\/2025\/03\/Kalana-Puhkekula_1-1-1568x1045.jpg 1568w, https:\/\/kalana.ee\/wp-content\/uploads\/2025\/03\/Kalana-Puhkekula_1-1.jpg 2048w\" sizes=\"auto, (max-width: 1024px) 100vw, 1024px\" \/><\/figure>\n\n\n\n<figure class=\"wp-block-image size-large\"><img loading=\"lazy\" decoding=\"async\" width=\"700\" height=\"467\" data-id=\"23\" src=\"http:\/\/kalana.ee\/wp-content\/uploads\/2025\/03\/Kalana-Puhkekula_8.jpg\" alt=\"\" class=\"wp-image-23\" srcset=\"https:\/\/kalana.ee\/wp-content\/uploads\/2025\/03\/Kalana-Puhkekula_8.jpg 700w, https:\/\/kalana.ee\/wp-content\/uploads\/2025\/03\/Kalana-Puhkekula_8-300x200.jpg 300w\" sizes=\"auto, (max-width: 700px) 100vw, 700px\" \/><\/figure>\n\n\n\n<figure class=\"wp-block-image size-large\"><img loading=\"lazy\" decoding=\"async\" width=\"1024\" height=\"683\" data-id=\"18\" src=\"http:\/\/kalana.ee\/wp-content\/uploads\/2025\/03\/Kalana-Puhkekula_3-1024x683.jpg\" alt=\"\" class=\"wp-image-18\" srcset=\"https:\/\/kalana.ee\/wp-content\/uploads\/2025\/03\/Kalana-Puhkekula_3-1024x683.jpg 1024w, https:\/\/kalana.ee\/wp-content\/uploads\/2025\/03\/Kalana-Puhkekula_3-300x200.jpg 300w, https:\/\/kalana.ee\/wp-content\/uploads\/2025\/03\/Kalana-Puhkekula_3-768x512.jpg 768w, https:\/\/kalana.ee\/wp-content\/uploads\/2025\/03\/Kalana-Puhkekula_3.jpg 1416w\" sizes=\"auto, (max-width: 1024px) 100vw, 1024px\" \/><\/figure>\n\n\n\n<figure class=\"wp-block-image size-large\"><img loading=\"lazy\" decoding=\"async\" width=\"1024\" height=\"686\" data-id=\"17\" src=\"http:\/\/kalana.ee\/wp-content\/uploads\/2025\/03\/Kalana-Puhkekula_2-1024x686.jpg\" alt=\"\" class=\"wp-image-17\" srcset=\"https:\/\/kalana.ee\/wp-content\/uploads\/2025\/03\/Kalana-Puhkekula_2-1024x686.jpg 1024w, https:\/\/kalana.ee\/wp-content\/uploads\/2025\/03\/Kalana-Puhkekula_2-300x201.jpg 300w, https:\/\/kalana.ee\/wp-content\/uploads\/2025\/03\/Kalana-Puhkekula_2-768x514.jpg 768w, https:\/\/kalana.ee\/wp-content\/uploads\/2025\/03\/Kalana-Puhkekula_2.jpg 1410w\" sizes=\"auto, (max-width: 1024px) 100vw, 1024px\" \/><\/figure>\n<\/figure>\n<\/div>\n<\/div>\n\n<div class=\"wp-block-webfactory-map alignfull google-map-edhotels\"><div class=\"wp-block-webfactory-map\"><iframe loading=\"lazy\" title=\"Map\" width=\"100%\" height=\"500px\" src=\"https:\/\/www.google.com\/maps\/embed\/v1\/place?q=Kalana%20puhkek%C3%BCla&amp;maptype=roadmap&amp;zoom=10&amp;key=AIzaSyDu21TpfU-MuEwU2kFMxIuyEP8nP1tAj4I\" frameborder=\"0\"><\/iframe><\/div><\/div>\n","protected":false},"excerpt":{"rendered":"<p>Saabuvad \u00fcritused K\u00f5pu poolsaarel ja Hiiumaal Tegevused l\u00e4hi\u00fcmbruskonnas<\/p>\n","protected":false},"author":2,"featured_media":0,"parent":0,"menu_order":0,"comment_status":"closed","ping_status":"closed","template":"","meta":{"inline_featured_image":false,"footnotes":""},"class_list":["post-1053","page","type-page","status-publish","hentry"],"yoast_head":"<!-- This site is optimized with the Yoast SEO plugin v26.8 - https:\/\/yoast.com\/product\/yoast-seo-wordpress\/ -->\n<title>Mida teha? - Kalana Puhkek\u00fcla<\/title>\n<meta name=\"robots\" content=\"index, follow, max-snippet:-1, max-image-preview:large, max-video-preview:-1\" \/>\n<link rel=\"canonical\" href=\"http:\/\/kalana.ee\/en\/tegevused\/\" \/>\n<meta property=\"og:locale\" content=\"en_US\" \/>\n<meta property=\"og:type\" content=\"article\" \/>\n<meta property=\"og:title\" content=\"Mida teha? - Kalana Puhkek\u00fcla\" \/>\n<meta property=\"og:description\" content=\"Saabuvad \u00fcritused K\u00f5pu poolsaarel ja Hiiumaal Tegevused l\u00e4hi\u00fcmbruskonnas\" \/>\n<meta property=\"og:url\" content=\"http:\/\/kalana.ee\/en\/tegevused\/\" \/>\n<meta property=\"og:site_name\" content=\"Kalana Puhkek\u00fcla\" \/>\n<meta property=\"article:modified_time\" content=\"2025-06-26T07:15:54+00:00\" \/>\n<meta property=\"og:image\" content=\"http:\/\/kalana.ee\/wp-content\/uploads\/2025\/03\/Kalana-Puhkekula_1-1.jpg\" \/>\n<meta name=\"twitter:card\" content=\"summary_large_image\" \/>\n<meta name=\"twitter:label1\" content=\"Est. reading time\" \/>\n\t<meta name=\"twitter:data1\" content=\"1 minute\" \/>\n<script type=\"application\/ld+json\" class=\"yoast-schema-graph\">{\"@context\":\"https:\/\/schema.org\",\"@graph\":[{\"@type\":\"WebPage\",\"@id\":\"http:\/\/kalana.ee\/en\/tegevused\/\",\"url\":\"http:\/\/kalana.ee\/en\/tegevused\/\",\"name\":\"Mida teha? - Kalana Puhkek\u00fcla\",\"isPartOf\":{\"@id\":\"https:\/\/kalana.ee\/#website\"},\"primaryImageOfPage\":{\"@id\":\"http:\/\/kalana.ee\/en\/tegevused\/#primaryimage\"},\"image\":{\"@id\":\"http:\/\/kalana.ee\/en\/tegevused\/#primaryimage\"},\"thumbnailUrl\":\"http:\/\/kalana.ee\/wp-content\/uploads\/2025\/03\/Kalana-Puhkekula_1-1.jpg\",\"datePublished\":\"2025-04-15T08:41:12+00:00\",\"dateModified\":\"2025-06-26T07:15:54+00:00\",\"breadcrumb\":{\"@id\":\"http:\/\/kalana.ee\/en\/tegevused\/#breadcrumb\"},\"inLanguage\":\"en-US\",\"potentialAction\":[{\"@type\":\"ReadAction\",\"target\":[\"http:\/\/kalana.ee\/en\/tegevused\/\"]}]},{\"@type\":\"ImageObject\",\"inLanguage\":\"en-US\",\"@id\":\"http:\/\/kalana.ee\/en\/tegevused\/#primaryimage\",\"url\":\"http:\/\/kalana.ee\/wp-content\/uploads\/2025\/03\/Kalana-Puhkekula_1-1.jpg\",\"contentUrl\":\"http:\/\/kalana.ee\/wp-content\/uploads\/2025\/03\/Kalana-Puhkekula_1-1.jpg\"},{\"@type\":\"BreadcrumbList\",\"@id\":\"http:\/\/kalana.ee\/en\/tegevused\/#breadcrumb\",\"itemListElement\":[{\"@type\":\"ListItem\",\"position\":1,\"name\":\"Home\",\"item\":\"https:\/\/kalana.ee\/en\/\"},{\"@type\":\"ListItem\",\"position\":2,\"name\":\"Mida teha?\"}]},{\"@type\":\"WebSite\",\"@id\":\"https:\/\/kalana.ee\/#website\",\"url\":\"https:\/\/kalana.ee\/\",\"name\":\"Kalana Puhkek\u00fcla\",\"description\":\"\",\"potentialAction\":[{\"@type\":\"SearchAction\",\"target\":{\"@type\":\"EntryPoint\",\"urlTemplate\":\"https:\/\/kalana.ee\/?s={search_term_string}\"},\"query-input\":{\"@type\":\"PropertyValueSpecification\",\"valueRequired\":true,\"valueName\":\"search_term_string\"}}],\"inLanguage\":\"en-US\"}]}<\/script>\n<!-- \/ Yoast SEO plugin. -->","yoast_head_json":{"title":"Mida teha? - Kalana Puhkek\u00fcla","robots":{"index":"index","follow":"follow","max-snippet":"max-snippet:-1","max-image-preview":"max-image-preview:large","max-video-preview":"max-video-preview:-1"},"canonical":"http:\/\/kalana.ee\/en\/tegevused\/","og_locale":"en_US","og_type":"article","og_title":"Mida teha? - Kalana Puhkek\u00fcla","og_description":"Saabuvad \u00fcritused K\u00f5pu poolsaarel ja Hiiumaal Tegevused l\u00e4hi\u00fcmbruskonnas","og_url":"http:\/\/kalana.ee\/en\/tegevused\/","og_site_name":"Kalana Puhkek\u00fcla","article_modified_time":"2025-06-26T07:15:54+00:00","og_image":[{"url":"http:\/\/kalana.ee\/wp-content\/uploads\/2025\/03\/Kalana-Puhkekula_1-1.jpg","type":"","width":"","height":""}],"twitter_card":"summary_large_image","twitter_misc":{"Est. reading time":"1 minute"},"schema":{"@context":"https:\/\/schema.org","@graph":[{"@type":"WebPage","@id":"http:\/\/kalana.ee\/en\/tegevused\/","url":"http:\/\/kalana.ee\/en\/tegevused\/","name":"Mida teha? - Kalana Puhkek\u00fcla","isPartOf":{"@id":"https:\/\/kalana.ee\/#website"},"primaryImageOfPage":{"@id":"http:\/\/kalana.ee\/en\/tegevused\/#primaryimage"},"image":{"@id":"http:\/\/kalana.ee\/en\/tegevused\/#primaryimage"},"thumbnailUrl":"http:\/\/kalana.ee\/wp-content\/uploads\/2025\/03\/Kalana-Puhkekula_1-1.jpg","datePublished":"2025-04-15T08:41:12+00:00","dateModified":"2025-06-26T07:15:54+00:00","breadcrumb":{"@id":"http:\/\/kalana.ee\/en\/tegevused\/#breadcrumb"},"inLanguage":"en-US","potentialAction":[{"@type":"ReadAction","target":["http:\/\/kalana.ee\/en\/tegevused\/"]}]},{"@type":"ImageObject","inLanguage":"en-US","@id":"http:\/\/kalana.ee\/en\/tegevused\/#primaryimage","url":"http:\/\/kalana.ee\/wp-content\/uploads\/2025\/03\/Kalana-Puhkekula_1-1.jpg","contentUrl":"http:\/\/kalana.ee\/wp-content\/uploads\/2025\/03\/Kalana-Puhkekula_1-1.jpg"},{"@type":"BreadcrumbList","@id":"http:\/\/kalana.ee\/en\/tegevused\/#breadcrumb","itemListElement":[{"@type":"ListItem","position":1,"name":"Home","item":"https:\/\/kalana.ee\/en\/"},{"@type":"ListItem","position":2,"name":"Mida teha?"}]},{"@type":"WebSite","@id":"https:\/\/kalana.ee\/#website","url":"https:\/\/kalana.ee\/","name":"Kalana Puhkek\u00fcla","description":"","potentialAction":[{"@type":"SearchAction","target":{"@type":"EntryPoint","urlTemplate":"https:\/\/kalana.ee\/?s={search_term_string}"},"query-input":{"@type":"PropertyValueSpecification","valueRequired":true,"valueName":"search_term_string"}}],"inLanguage":"en-US"}]}},"_links":{"self":[{"href":"https:\/\/kalana.ee\/en\/wp-json\/wp\/v2\/pages\/1053","targetHints":{"allow":["GET"]}}],"collection":[{"href":"https:\/\/kalana.ee\/en\/wp-json\/wp\/v2\/pages"}],"about":[{"href":"https:\/\/kalana.ee\/en\/wp-json\/wp\/v2\/types\/page"}],"author":[{"embeddable":true,"href":"https:\/\/kalana.ee\/en\/wp-json\/wp\/v2\/users\/2"}],"replies":[{"embeddable":true,"href":"https:\/\/kalana.ee\/en\/wp-json\/wp\/v2\/comments?post=1053"}],"version-history":[{"count":1,"href":"https:\/\/kalana.ee\/en\/wp-json\/wp\/v2\/pages\/1053\/revisions"}],"predecessor-version":[{"id":1058,"href":"https:\/\/kalana.ee\/en\/wp-json\/wp\/v2\/pages\/1053\/revisions\/1058"}],"wp:attachment":[{"href":"https:\/\/kalana.ee\/en\/wp-json\/wp\/v2\/media?parent=1053"}],"curies":[{"name":"wp","href":"https:\/\/api.w.org\/{rel}","templated":true}]}}