{"id":1050,"date":"2025-04-14T11:35:16","date_gmt":"2025-04-14T11:35:16","guid":{"rendered":"https:\/\/kalana.ee\/kaluri-kulalistemaja\/"},"modified":"2025-06-26T07:29:50","modified_gmt":"2025-06-26T07:29:50","slug":"kaluri-kulalistemaja","status":"publish","type":"page","link":"https:\/\/kalana.ee\/en\/kaluri-kulalistemaja\/","title":{"rendered":"Kaluri K\u00fclalistemaja"},"content":{"rendered":"\n<div style=\"height:100px\" aria-hidden=\"true\" class=\"wp-block-spacer hidemobile\"><\/div>\n\n\n\n<div class=\"wp-block-edhotels-advanced-text-image alignfull\" style=\"padding-top:0;padding-right:var(--wp--preset--spacing--50);padding-bottom:0;padding-left:var(--wp--preset--spacing--50);min-height:400px\"><div class=\"text-image\"><div class=\"image\" style=\"width:65%;left:35%\"><img loading=\"lazy\" decoding=\"async\" width=\"960\" height=\"640\" src=\"http:\/\/kalana.ee\/wp-content\/uploads\/2025\/03\/Kalana_Puhkemaja_14.jpg\" class=\"wp-image-33\" style=\"object-position:52% 33%\" srcset=\"https:\/\/kalana.ee\/wp-content\/uploads\/2025\/03\/Kalana_Puhkemaja_14.jpg 960w, https:\/\/kalana.ee\/wp-content\/uploads\/2025\/03\/Kalana_Puhkemaja_14-300x200.jpg 300w, https:\/\/kalana.ee\/wp-content\/uploads\/2025\/03\/Kalana_Puhkemaja_14-768x512.jpg 768w\" sizes=\"auto, (max-width: 960px) 100vw, 960px\" \/><div class=\"overlay\" style=\"background-color:#ffffff00\"><\/div><\/div><div class=\"content left middle\"><div class=\"inner-content\" style=\"width:50%\">\n<h2 class=\"wp-block-heading has-text-align-center animated slideInLeft delay-100ms slower has-background has-medium-font-size\" style=\"background-color:#e3c19a\"><br><br>Kaluri k\u00fclalistemaja asub Kalana sadama vahetus l\u00e4heduses. Maja teisel korrusel asub r\u00f5duga suurem tuba, kust avaneb kaunis vaade merele.<br><br><br><\/h2>\n<\/div><\/div><\/div><\/div>\n\n\n\n<div class=\"wp-block-columns alignwide has-background is-layout-flex wp-container-core-columns-is-layout-c447ac62 wp-block-columns-is-layout-flex\" style=\"background-color:#f5f5f5;padding-top:var(--wp--preset--spacing--30);padding-right:var(--wp--preset--spacing--50);padding-bottom:var(--wp--preset--spacing--30);padding-left:var(--wp--preset--spacing--50);box-shadow:var(--wp--preset--shadow--natural)\">\n<div class=\"wp-block-column wp-block-edhotels-first-column-in-mobile is-layout-flow wp-container-core-column-is-layout-03ed30e4 wp-block-column-is-layout-flow\" style=\"padding-right:var(--wp--preset--spacing--50);padding-left:var(--wp--preset--spacing--50)\">\n<p><\/p>\n\n\n\n<p class=\"has-text-align-left\"><strong>TUBADE MUGAVUSED<\/strong><\/p>\n\n\n\n<ul class=\"wp-block-list is-style-special\">\n<li>6 tuba kuni 12 inimesele<\/li>\n\n\n\n<li>lisavoodi v\u00f5imalus<\/li>\n\n\n\n<li>k\u00f5ikides tubades du\u0161\u0161 ja tualett<\/li>\n\n\n\n<li>t\u00e4isvarustusega k\u00f6\u00f6k k\u00fclalistele<\/li>\n\n\n\n<li>voodipesu<\/li>\n\n\n\n<li>avar kaminasaal<\/li>\n<\/ul>\n\n\n\n<p><\/p>\n<\/div>\n\n\n\n<div class=\"wp-block-column is-layout-flow wp-block-column-is-layout-flow\" style=\"padding-right:var(--wp--preset--spacing--50);padding-left:var(--wp--preset--spacing--50)\">\n<p><\/p>\n\n\n\n<ul class=\"wp-block-list is-style-special\">\n<li>v\u00e4literrass<\/li>\n\n\n\n<li>hommikus\u00f6\u00f6gi valmistamise v\u00f5imalus<\/li>\n\n\n\n<li>laste m\u00e4nguv\u00e4ljak (200 m)<\/li>\n\n\n\n<li>beebivoodi v\u00f5imalus<\/li>\n\n\n\n<li>hommikus\u00f6\u00f6gi v\u00f5imalus ettetellimisel<br><\/li>\n<\/ul>\n\n\n\n<div class=\"wp-block-buttons is-layout-flex wp-block-buttons-is-layout-flex\">\n<div class=\"wp-block-button is-style-fill\"><a class=\"wp-block-button__link wp-element-button\" href=\"https:\/\/bouk.io\/booking\/kalana\/751\/rooms\/436?language=en\" style=\"border-radius:0px\">BOOK ROOM<\/a><\/div>\n<\/div>\n<\/div>\n<\/div>\n\n\n\n<div style=\"height:10px\" aria-hidden=\"true\" class=\"wp-block-spacer\"><\/div>\n\n\n\n<figure class=\"wp-block-gallery alignwide has-nested-images columns-4 is-cropped wp-block-gallery-1 is-layout-flex wp-block-gallery-is-layout-flex\">\n<figure class=\"wp-block-image size-large\"><a href=\"http:\/\/kalana.ee\/wp-content\/uploads\/2025\/03\/Hiiumaa_2.jpg\"><img loading=\"lazy\" decoding=\"async\" width=\"1024\" height=\"487\" data-id=\"52\" src=\"http:\/\/kalana.ee\/wp-content\/uploads\/2025\/03\/Hiiumaa_2.jpg\" alt=\"\" class=\"wp-image-52\" srcset=\"https:\/\/kalana.ee\/wp-content\/uploads\/2025\/03\/Hiiumaa_2.jpg 1024w, https:\/\/kalana.ee\/wp-content\/uploads\/2025\/03\/Hiiumaa_2-300x143.jpg 300w, https:\/\/kalana.ee\/wp-content\/uploads\/2025\/03\/Hiiumaa_2-768x365.jpg 768w\" sizes=\"auto, (max-width: 1024px) 100vw, 1024px\" \/><\/a><\/figure>\n\n\n\n<figure class=\"wp-block-image size-large\"><a href=\"http:\/\/kalana.ee\/wp-content\/uploads\/2025\/03\/Kalana-Puhkekula_4-1.jpg\"><img loading=\"lazy\" decoding=\"async\" width=\"400\" height=\"350\" data-id=\"38\" src=\"http:\/\/kalana.ee\/wp-content\/uploads\/2025\/03\/Kalana-Puhkekula_4-1.jpg\" alt=\"\" class=\"wp-image-38\" srcset=\"https:\/\/kalana.ee\/wp-content\/uploads\/2025\/03\/Kalana-Puhkekula_4-1.jpg 400w, https:\/\/kalana.ee\/wp-content\/uploads\/2025\/03\/Kalana-Puhkekula_4-1-300x263.jpg 300w\" sizes=\"auto, (max-width: 400px) 100vw, 400px\" \/><\/a><\/figure>\n\n\n\n<figure class=\"wp-block-image size-large\"><a href=\"http:\/\/kalana.ee\/wp-content\/uploads\/2025\/03\/Kalana-Puhkekula_7.jpg\"><img loading=\"lazy\" decoding=\"async\" width=\"467\" height=\"467\" data-id=\"22\" src=\"http:\/\/kalana.ee\/wp-content\/uploads\/2025\/03\/Kalana-Puhkekula_7.jpg\" alt=\"\" class=\"wp-image-22\" srcset=\"https:\/\/kalana.ee\/wp-content\/uploads\/2025\/03\/Kalana-Puhkekula_7.jpg 467w, https:\/\/kalana.ee\/wp-content\/uploads\/2025\/03\/Kalana-Puhkekula_7-300x300.jpg 300w, https:\/\/kalana.ee\/wp-content\/uploads\/2025\/03\/Kalana-Puhkekula_7-150x150.jpg 150w\" sizes=\"auto, (max-width: 467px) 100vw, 467px\" \/><\/a><\/figure>\n\n\n\n<figure class=\"wp-block-image size-large\"><a href=\"http:\/\/kalana.ee\/wp-content\/uploads\/2025\/03\/Kalana_Puhkemaja_14.jpg\"><img loading=\"lazy\" decoding=\"async\" width=\"960\" height=\"640\" data-id=\"33\" src=\"http:\/\/kalana.ee\/wp-content\/uploads\/2025\/03\/Kalana_Puhkemaja_14.jpg\" alt=\"\" class=\"wp-image-33\" srcset=\"https:\/\/kalana.ee\/wp-content\/uploads\/2025\/03\/Kalana_Puhkemaja_14.jpg 960w, https:\/\/kalana.ee\/wp-content\/uploads\/2025\/03\/Kalana_Puhkemaja_14-300x200.jpg 300w, https:\/\/kalana.ee\/wp-content\/uploads\/2025\/03\/Kalana_Puhkemaja_14-768x512.jpg 768w\" sizes=\"auto, (max-width: 960px) 100vw, 960px\" \/><\/a><\/figure>\n\n\n\n<figure class=\"wp-block-image size-large\"><a href=\"http:\/\/kalana.ee\/wp-content\/uploads\/2025\/03\/Kalana_Puhkemaja_13.jpg\"><img loading=\"lazy\" decoding=\"async\" width=\"960\" height=\"671\" data-id=\"32\" src=\"http:\/\/kalana.ee\/wp-content\/uploads\/2025\/03\/Kalana_Puhkemaja_13.jpg\" alt=\"\" class=\"wp-image-32\" srcset=\"https:\/\/kalana.ee\/wp-content\/uploads\/2025\/03\/Kalana_Puhkemaja_13.jpg 960w, https:\/\/kalana.ee\/wp-content\/uploads\/2025\/03\/Kalana_Puhkemaja_13-300x210.jpg 300w, https:\/\/kalana.ee\/wp-content\/uploads\/2025\/03\/Kalana_Puhkemaja_13-768x537.jpg 768w\" sizes=\"auto, (max-width: 960px) 100vw, 960px\" \/><\/a><\/figure>\n\n\n\n<figure class=\"wp-block-image size-large\"><a href=\"http:\/\/kalana.ee\/wp-content\/uploads\/2025\/03\/Kalana_Puhkemaja_12.jpg\"><img loading=\"lazy\" decoding=\"async\" width=\"960\" height=\"597\" data-id=\"31\" src=\"http:\/\/kalana.ee\/wp-content\/uploads\/2025\/03\/Kalana_Puhkemaja_12.jpg\" alt=\"\" class=\"wp-image-31\" srcset=\"https:\/\/kalana.ee\/wp-content\/uploads\/2025\/03\/Kalana_Puhkemaja_12.jpg 960w, https:\/\/kalana.ee\/wp-content\/uploads\/2025\/03\/Kalana_Puhkemaja_12-300x187.jpg 300w, https:\/\/kalana.ee\/wp-content\/uploads\/2025\/03\/Kalana_Puhkemaja_12-768x478.jpg 768w\" sizes=\"auto, (max-width: 960px) 100vw, 960px\" \/><\/a><\/figure>\n\n\n\n<figure class=\"wp-block-image size-large\"><a href=\"http:\/\/kalana.ee\/wp-content\/uploads\/2025\/03\/Kalana_Puhkemaja_11.jpg\"><img loading=\"lazy\" decoding=\"async\" width=\"960\" height=\"662\" data-id=\"30\" src=\"http:\/\/kalana.ee\/wp-content\/uploads\/2025\/03\/Kalana_Puhkemaja_11.jpg\" alt=\"\" class=\"wp-image-30\" srcset=\"https:\/\/kalana.ee\/wp-content\/uploads\/2025\/03\/Kalana_Puhkemaja_11.jpg 960w, https:\/\/kalana.ee\/wp-content\/uploads\/2025\/03\/Kalana_Puhkemaja_11-300x207.jpg 300w, https:\/\/kalana.ee\/wp-content\/uploads\/2025\/03\/Kalana_Puhkemaja_11-768x530.jpg 768w\" sizes=\"auto, (max-width: 960px) 100vw, 960px\" \/><\/a><\/figure>\n<\/figure>\n","protected":false},"excerpt":{"rendered":"<p>TUBADE MUGAVUSED<\/p>\n","protected":false},"author":2,"featured_media":0,"parent":0,"menu_order":0,"comment_status":"closed","ping_status":"closed","template":"","meta":{"inline_featured_image":false,"footnotes":""},"class_list":["post-1050","page","type-page","status-publish","hentry"],"yoast_head":"<!-- This site is optimized with the Yoast SEO plugin v26.8 - https:\/\/yoast.com\/product\/yoast-seo-wordpress\/ -->\n<title>Kalana Puhkekeskuse Kaluri K\u00fclalistemaja | Hiiumaa<\/title>\n<meta name=\"description\" content=\"Kaluri K\u00fclalistemajas on 6 tuba, k\u00f5ikides tubades oma vannituba. T\u00e4isvarustusega k\u00f6\u00f6k k\u00fclalistele kasutamiseks.\" \/>\n<meta name=\"robots\" content=\"index, follow, max-snippet:-1, max-image-preview:large, max-video-preview:-1\" \/>\n<link rel=\"canonical\" href=\"http:\/\/kalana.ee\/en\/kaluri-kulalistemaja\/\" \/>\n<meta property=\"og:locale\" content=\"en_US\" \/>\n<meta property=\"og:type\" content=\"article\" \/>\n<meta property=\"og:title\" content=\"Kalana Puhkekeskuse Kaluri K\u00fclalistemaja | Hiiumaa\" \/>\n<meta property=\"og:description\" content=\"Kaluri K\u00fclalistemajas on 6 tuba, k\u00f5ikides tubades oma vannituba. T\u00e4isvarustusega k\u00f6\u00f6k k\u00fclalistele kasutamiseks.\" \/>\n<meta property=\"og:url\" content=\"http:\/\/kalana.ee\/en\/kaluri-kulalistemaja\/\" \/>\n<meta property=\"og:site_name\" content=\"Kalana Puhkek\u00fcla\" \/>\n<meta property=\"article:modified_time\" content=\"2025-06-26T07:29:50+00:00\" \/>\n<meta property=\"og:image\" content=\"http:\/\/kalana.ee\/wp-content\/uploads\/2025\/03\/Kalana_Puhkemaja_14.jpg\" \/>\n<meta name=\"twitter:card\" content=\"summary_large_image\" \/>\n<meta name=\"twitter:label1\" content=\"Est. reading time\" \/>\n\t<meta name=\"twitter:data1\" content=\"2 minutes\" \/>\n<script type=\"application\/ld+json\" class=\"yoast-schema-graph\">{\"@context\":\"https:\/\/schema.org\",\"@graph\":[{\"@type\":\"WebPage\",\"@id\":\"http:\/\/kalana.ee\/en\/kaluri-kulalistemaja\/\",\"url\":\"http:\/\/kalana.ee\/en\/kaluri-kulalistemaja\/\",\"name\":\"Kalana Puhkekeskuse Kaluri K\u00fclalistemaja | Hiiumaa\",\"isPartOf\":{\"@id\":\"https:\/\/kalana.ee\/#website\"},\"primaryImageOfPage\":{\"@id\":\"http:\/\/kalana.ee\/en\/kaluri-kulalistemaja\/#primaryimage\"},\"image\":{\"@id\":\"http:\/\/kalana.ee\/en\/kaluri-kulalistemaja\/#primaryimage\"},\"thumbnailUrl\":\"http:\/\/kalana.ee\/wp-content\/uploads\/2025\/03\/Kalana_Puhkemaja_14.jpg\",\"datePublished\":\"2025-04-14T11:35:16+00:00\",\"dateModified\":\"2025-06-26T07:29:50+00:00\",\"description\":\"Kaluri K\u00fclalistemajas on 6 tuba, k\u00f5ikides tubades oma vannituba. T\u00e4isvarustusega k\u00f6\u00f6k k\u00fclalistele kasutamiseks.\",\"breadcrumb\":{\"@id\":\"http:\/\/kalana.ee\/en\/kaluri-kulalistemaja\/#breadcrumb\"},\"inLanguage\":\"en-US\",\"potentialAction\":[{\"@type\":\"ReadAction\",\"target\":[\"http:\/\/kalana.ee\/en\/kaluri-kulalistemaja\/\"]}]},{\"@type\":\"ImageObject\",\"inLanguage\":\"en-US\",\"@id\":\"http:\/\/kalana.ee\/en\/kaluri-kulalistemaja\/#primaryimage\",\"url\":\"http:\/\/kalana.ee\/wp-content\/uploads\/2025\/03\/Kalana_Puhkemaja_14.jpg\",\"contentUrl\":\"http:\/\/kalana.ee\/wp-content\/uploads\/2025\/03\/Kalana_Puhkemaja_14.jpg\"},{\"@type\":\"BreadcrumbList\",\"@id\":\"http:\/\/kalana.ee\/en\/kaluri-kulalistemaja\/#breadcrumb\",\"itemListElement\":[{\"@type\":\"ListItem\",\"position\":1,\"name\":\"Home\",\"item\":\"https:\/\/kalana.ee\/en\/\"},{\"@type\":\"ListItem\",\"position\":2,\"name\":\"Kaluri K\u00fclalistemaja\"}]},{\"@type\":\"WebSite\",\"@id\":\"https:\/\/kalana.ee\/#website\",\"url\":\"https:\/\/kalana.ee\/\",\"name\":\"Kalana Puhkek\u00fcla\",\"description\":\"\",\"potentialAction\":[{\"@type\":\"SearchAction\",\"target\":{\"@type\":\"EntryPoint\",\"urlTemplate\":\"https:\/\/kalana.ee\/?s={search_term_string}\"},\"query-input\":{\"@type\":\"PropertyValueSpecification\",\"valueRequired\":true,\"valueName\":\"search_term_string\"}}],\"inLanguage\":\"en-US\"}]}<\/script>\n<!-- \/ Yoast SEO plugin. -->","yoast_head_json":{"title":"Kalana Puhkekeskuse Kaluri K\u00fclalistemaja | Hiiumaa","description":"Kaluri K\u00fclalistemajas on 6 tuba, k\u00f5ikides tubades oma vannituba. T\u00e4isvarustusega k\u00f6\u00f6k k\u00fclalistele kasutamiseks.","robots":{"index":"index","follow":"follow","max-snippet":"max-snippet:-1","max-image-preview":"max-image-preview:large","max-video-preview":"max-video-preview:-1"},"canonical":"http:\/\/kalana.ee\/en\/kaluri-kulalistemaja\/","og_locale":"en_US","og_type":"article","og_title":"Kalana Puhkekeskuse Kaluri K\u00fclalistemaja | Hiiumaa","og_description":"Kaluri K\u00fclalistemajas on 6 tuba, k\u00f5ikides tubades oma vannituba. T\u00e4isvarustusega k\u00f6\u00f6k k\u00fclalistele kasutamiseks.","og_url":"http:\/\/kalana.ee\/en\/kaluri-kulalistemaja\/","og_site_name":"Kalana Puhkek\u00fcla","article_modified_time":"2025-06-26T07:29:50+00:00","og_image":[{"url":"http:\/\/kalana.ee\/wp-content\/uploads\/2025\/03\/Kalana_Puhkemaja_14.jpg","type":"","width":"","height":""}],"twitter_card":"summary_large_image","twitter_misc":{"Est. reading time":"2 minutes"},"schema":{"@context":"https:\/\/schema.org","@graph":[{"@type":"WebPage","@id":"http:\/\/kalana.ee\/en\/kaluri-kulalistemaja\/","url":"http:\/\/kalana.ee\/en\/kaluri-kulalistemaja\/","name":"Kalana Puhkekeskuse Kaluri K\u00fclalistemaja | Hiiumaa","isPartOf":{"@id":"https:\/\/kalana.ee\/#website"},"primaryImageOfPage":{"@id":"http:\/\/kalana.ee\/en\/kaluri-kulalistemaja\/#primaryimage"},"image":{"@id":"http:\/\/kalana.ee\/en\/kaluri-kulalistemaja\/#primaryimage"},"thumbnailUrl":"http:\/\/kalana.ee\/wp-content\/uploads\/2025\/03\/Kalana_Puhkemaja_14.jpg","datePublished":"2025-04-14T11:35:16+00:00","dateModified":"2025-06-26T07:29:50+00:00","description":"Kaluri K\u00fclalistemajas on 6 tuba, k\u00f5ikides tubades oma vannituba. T\u00e4isvarustusega k\u00f6\u00f6k k\u00fclalistele kasutamiseks.","breadcrumb":{"@id":"http:\/\/kalana.ee\/en\/kaluri-kulalistemaja\/#breadcrumb"},"inLanguage":"en-US","potentialAction":[{"@type":"ReadAction","target":["http:\/\/kalana.ee\/en\/kaluri-kulalistemaja\/"]}]},{"@type":"ImageObject","inLanguage":"en-US","@id":"http:\/\/kalana.ee\/en\/kaluri-kulalistemaja\/#primaryimage","url":"http:\/\/kalana.ee\/wp-content\/uploads\/2025\/03\/Kalana_Puhkemaja_14.jpg","contentUrl":"http:\/\/kalana.ee\/wp-content\/uploads\/2025\/03\/Kalana_Puhkemaja_14.jpg"},{"@type":"BreadcrumbList","@id":"http:\/\/kalana.ee\/en\/kaluri-kulalistemaja\/#breadcrumb","itemListElement":[{"@type":"ListItem","position":1,"name":"Home","item":"https:\/\/kalana.ee\/en\/"},{"@type":"ListItem","position":2,"name":"Kaluri K\u00fclalistemaja"}]},{"@type":"WebSite","@id":"https:\/\/kalana.ee\/#website","url":"https:\/\/kalana.ee\/","name":"Kalana Puhkek\u00fcla","description":"","potentialAction":[{"@type":"SearchAction","target":{"@type":"EntryPoint","urlTemplate":"https:\/\/kalana.ee\/?s={search_term_string}"},"query-input":{"@type":"PropertyValueSpecification","valueRequired":true,"valueName":"search_term_string"}}],"inLanguage":"en-US"}]}},"_links":{"self":[{"href":"https:\/\/kalana.ee\/en\/wp-json\/wp\/v2\/pages\/1050","targetHints":{"allow":["GET"]}}],"collection":[{"href":"https:\/\/kalana.ee\/en\/wp-json\/wp\/v2\/pages"}],"about":[{"href":"https:\/\/kalana.ee\/en\/wp-json\/wp\/v2\/types\/page"}],"author":[{"embeddable":true,"href":"https:\/\/kalana.ee\/en\/wp-json\/wp\/v2\/users\/2"}],"replies":[{"embeddable":true,"href":"https:\/\/kalana.ee\/en\/wp-json\/wp\/v2\/comments?post=1050"}],"version-history":[{"count":2,"href":"https:\/\/kalana.ee\/en\/wp-json\/wp\/v2\/pages\/1050\/revisions"}],"predecessor-version":[{"id":1064,"href":"https:\/\/kalana.ee\/en\/wp-json\/wp\/v2\/pages\/1050\/revisions\/1064"}],"wp:attachment":[{"href":"https:\/\/kalana.ee\/en\/wp-json\/wp\/v2\/media?parent=1050"}],"curies":[{"name":"wp","href":"https:\/\/api.w.org\/{rel}","templated":true}]}}